{"id":375,"date":"2023-06-14T08:14:43","date_gmt":"2023-06-14T07:14:43","guid":{"rendered":"http:\/\/fetesdetheze.com\/?page_id=375"},"modified":"2023-06-14T08:14:43","modified_gmt":"2023-06-14T07:14:43","slug":"ou-se-rendre","status":"publish","type":"page","link":"https:\/\/fetesdetheze.com\/?page_id=375","title":{"rendered":"O\u00f9 se rendre ?"},"content":{"rendered":"\n<p>Cette ann\u00e9e de belles cr\u00e9ations ont \u00e9t\u00e9 r\u00e9alis\u00e9es pour vous indiquer o\u00f9 se rendre pour participer aux f\u00eates de Th\u00e8ze.<\/p>\n\n\n\n<figure class=\"wp-block-image size-large\"><a href=\"http:\/\/fetesdetheze.com\/wp-content\/uploads\/2023\/06\/IMG-20230601-WA0011.jpg\"><img loading=\"lazy\" decoding=\"async\" width=\"1024\" height=\"576\" src=\"http:\/\/fetesdetheze.com\/wp-content\/uploads\/2023\/06\/IMG-20230601-WA0011-1024x576.jpg\" alt=\"\" class=\"wp-image-376\" srcset=\"https:\/\/fetesdetheze.com\/wp-content\/uploads\/2023\/06\/IMG-20230601-WA0011-1024x576.jpg 1024w, https:\/\/fetesdetheze.com\/wp-content\/uploads\/2023\/06\/IMG-20230601-WA0011-300x169.jpg 300w, https:\/\/fetesdetheze.com\/wp-content\/uploads\/2023\/06\/IMG-20230601-WA0011-768x432.jpg 768w, https:\/\/fetesdetheze.com\/wp-content\/uploads\/2023\/06\/IMG-20230601-WA0011-1536x864.jpg 1536w, https:\/\/fetesdetheze.com\/wp-content\/uploads\/2023\/06\/IMG-20230601-WA0011-500x281.jpg 500w, https:\/\/fetesdetheze.com\/wp-content\/uploads\/2023\/06\/IMG-20230601-WA0011.jpg 2000w\" sizes=\"(max-width: 1024px) 100vw, 1024px\" \/><\/a><\/figure>\n\n\n\n<figure class=\"wp-block-image size-large\"><a href=\"http:\/\/fetesdetheze.com\/wp-content\/uploads\/2023\/06\/IMG-20230601-WA0007.jpg\"><img loading=\"lazy\" decoding=\"async\" width=\"1024\" height=\"576\" src=\"http:\/\/fetesdetheze.com\/wp-content\/uploads\/2023\/06\/IMG-20230601-WA0007-1024x576.jpg\" alt=\"\" class=\"wp-image-377\" srcset=\"https:\/\/fetesdetheze.com\/wp-content\/uploads\/2023\/06\/IMG-20230601-WA0007-1024x576.jpg 1024w, https:\/\/fetesdetheze.com\/wp-content\/uploads\/2023\/06\/IMG-20230601-WA0007-300x169.jpg 300w, https:\/\/fetesdetheze.com\/wp-content\/uploads\/2023\/06\/IMG-20230601-WA0007-768x432.jpg 768w, https:\/\/fetesdetheze.com\/wp-content\/uploads\/2023\/06\/IMG-20230601-WA0007-1536x864.jpg 1536w, https:\/\/fetesdetheze.com\/wp-content\/uploads\/2023\/06\/IMG-20230601-WA0007-500x281.jpg 500w, https:\/\/fetesdetheze.com\/wp-content\/uploads\/2023\/06\/IMG-20230601-WA0007.jpg 2000w\" sizes=\"(max-width: 1024px) 100vw, 1024px\" \/><\/a><\/figure>\n\n\n\n<figure class=\"wp-block-image size-large\"><a href=\"http:\/\/fetesdetheze.com\/wp-content\/uploads\/2023\/06\/IMG-20230601-WA0009.jpg\"><img loading=\"lazy\" decoding=\"async\" width=\"1024\" height=\"576\" src=\"http:\/\/fetesdetheze.com\/wp-content\/uploads\/2023\/06\/IMG-20230601-WA0009-1024x576.jpg\" alt=\"\" class=\"wp-image-378\" srcset=\"https:\/\/fetesdetheze.com\/wp-content\/uploads\/2023\/06\/IMG-20230601-WA0009-1024x576.jpg 1024w, https:\/\/fetesdetheze.com\/wp-content\/uploads\/2023\/06\/IMG-20230601-WA0009-300x169.jpg 300w, https:\/\/fetesdetheze.com\/wp-content\/uploads\/2023\/06\/IMG-20230601-WA0009-768x432.jpg 768w, https:\/\/fetesdetheze.com\/wp-content\/uploads\/2023\/06\/IMG-20230601-WA0009-1536x864.jpg 1536w, https:\/\/fetesdetheze.com\/wp-content\/uploads\/2023\/06\/IMG-20230601-WA0009-500x281.jpg 500w, https:\/\/fetesdetheze.com\/wp-content\/uploads\/2023\/06\/IMG-20230601-WA0009.jpg 2000w\" sizes=\"(max-width: 1024px) 100vw, 1024px\" \/><\/a><\/figure>\n\n\n\n<figure class=\"wp-block-image size-large\"><a href=\"http:\/\/fetesdetheze.com\/wp-content\/uploads\/2023\/06\/IMG-20230601-WA0008.jpg\"><img loading=\"lazy\" decoding=\"async\" width=\"1024\" height=\"576\" src=\"http:\/\/fetesdetheze.com\/wp-content\/uploads\/2023\/06\/IMG-20230601-WA0008-1024x576.jpg\" alt=\"\" class=\"wp-image-379\" srcset=\"https:\/\/fetesdetheze.com\/wp-content\/uploads\/2023\/06\/IMG-20230601-WA0008-1024x576.jpg 1024w, https:\/\/fetesdetheze.com\/wp-content\/uploads\/2023\/06\/IMG-20230601-WA0008-300x169.jpg 300w, https:\/\/fetesdetheze.com\/wp-content\/uploads\/2023\/06\/IMG-20230601-WA0008-768x432.jpg 768w, https:\/\/fetesdetheze.com\/wp-content\/uploads\/2023\/06\/IMG-20230601-WA0008-1536x864.jpg 1536w, https:\/\/fetesdetheze.com\/wp-content\/uploads\/2023\/06\/IMG-20230601-WA0008-500x281.jpg 500w, https:\/\/fetesdetheze.com\/wp-content\/uploads\/2023\/06\/IMG-20230601-WA0008.jpg 2000w\" sizes=\"(max-width: 1024px) 100vw, 1024px\" \/><\/a><\/figure>\n","protected":false},"excerpt":{"rendered":"<p>Cette ann\u00e9e de belles cr\u00e9ations ont \u00e9t\u00e9 r\u00e9alis\u00e9es pour vous indiquer o\u00f9 se rendre pour participer aux f\u00eates de Th\u00e8ze.<\/p>\n","protected":false},"author":1,"featured_media":0,"parent":0,"menu_order":0,"comment_status":"closed","ping_status":"closed","template":"","meta":{"footnotes":""},"_links":{"self":[{"href":"https:\/\/fetesdetheze.com\/index.php?rest_route=\/wp\/v2\/pages\/375"}],"collection":[{"href":"https:\/\/fetesdetheze.com\/index.php?rest_route=\/wp\/v2\/pages"}],"about":[{"href":"https:\/\/fetesdetheze.com\/index.php?rest_route=\/wp\/v2\/types\/page"}],"author":[{"embeddable":true,"href":"https:\/\/fetesdetheze.com\/index.php?rest_route=\/wp\/v2\/users\/1"}],"replies":[{"embeddable":true,"href":"https:\/\/fetesdetheze.com\/index.php?rest_route=%2Fwp%2Fv2%2Fcomments&post=375"}],"version-history":[{"count":1,"href":"https:\/\/fetesdetheze.com\/index.php?rest_route=\/wp\/v2\/pages\/375\/revisions"}],"predecessor-version":[{"id":381,"href":"https:\/\/fetesdetheze.com\/index.php?rest_route=\/wp\/v2\/pages\/375\/revisions\/381"}],"wp:attachment":[{"href":"https:\/\/fetesdetheze.com\/index.php?rest_route=%2Fwp%2Fv2%2Fmedia&parent=375"}],"curies":[{"name":"wp","href":"https:\/\/api.w.org\/{rel}","templated":true}]}}