{"id":40,"date":"2013-06-12T22:24:54","date_gmt":"2013-06-12T21:24:54","guid":{"rendered":"http:\/\/fetesdetheze.com\/?page_id=40"},"modified":"2023-06-13T16:06:07","modified_gmt":"2023-06-13T15:06:07","slug":"contactez-nous","status":"publish","type":"page","link":"https:\/\/fetesdetheze.com\/?page_id=40","title":{"rendered":"Contactez-nous"},"content":{"rendered":"<p>Vous souhaitez vous informer, r\u00e9server votre repas :<\/p>\n<p>\u00c9crivez nous : <a href=\"mailto:comite.fete.theze@gmail.com\" target=\"_blank\" rel=\"noopener\">comite.fetes.theze@gmail.com<\/a><\/p>\n<p>Ou t\u00e9l\u00e9phonez nous : 06-19-98-63-76<\/p>\n<p>A bient\u00f4t!<\/p>\n<p>Le comit\u00e9 des f\u00eates de THEZE<\/p>\n","protected":false},"excerpt":{"rendered":"<p>Vous souhaitez vous informer, r\u00e9server votre repas : \u00c9crivez nous : comite.fetes.theze@gmail.com Ou t\u00e9l\u00e9phonez nous : 06-19-98-63-76 A bient\u00f4t! Le comit\u00e9 des f\u00eates de THEZE<\/p>\n","protected":false},"author":1,"featured_media":0,"parent":0,"menu_order":3,"comment_status":"closed","ping_status":"open","template":"page-templates\/full-width.php","meta":{"footnotes":""},"_links":{"self":[{"href":"https:\/\/fetesdetheze.com\/index.php?rest_route=\/wp\/v2\/pages\/40"}],"collection":[{"href":"https:\/\/fetesdetheze.com\/index.php?rest_route=\/wp\/v2\/pages"}],"about":[{"href":"https:\/\/fetesdetheze.com\/index.php?rest_route=\/wp\/v2\/types\/page"}],"author":[{"embeddable":true,"href":"https:\/\/fetesdetheze.com\/index.php?rest_route=\/wp\/v2\/users\/1"}],"replies":[{"embeddable":true,"href":"https:\/\/fetesdetheze.com\/index.php?rest_route=%2Fwp%2Fv2%2Fcomments&post=40"}],"version-history":[{"count":7,"href":"https:\/\/fetesdetheze.com\/index.php?rest_route=\/wp\/v2\/pages\/40\/revisions"}],"predecessor-version":[{"id":372,"href":"https:\/\/fetesdetheze.com\/index.php?rest_route=\/wp\/v2\/pages\/40\/revisions\/372"}],"wp:attachment":[{"href":"https:\/\/fetesdetheze.com\/index.php?rest_route=%2Fwp%2Fv2%2Fmedia&parent=40"}],"curies":[{"name":"wp","href":"https:\/\/api.w.org\/{rel}","templated":true}]}}