{"id":427,"date":"2023-06-15T14:48:39","date_gmt":"2023-06-15T13:48:39","guid":{"rendered":"http:\/\/fetesdetheze.com\/?page_id=427"},"modified":"2023-06-16T14:58:24","modified_gmt":"2023-06-16T13:58:24","slug":"samedi-25-juin","status":"publish","type":"page","link":"https:\/\/fetesdetheze.com\/?page_id=427","title":{"rendered":"Samedi 24 juin"},"content":{"rendered":"\n<p>Le samedi, le comit\u00e9 des f\u00eates de Th\u00e8ze vous proposera de nombreuses animations. <\/p>\n\n\n\n<figure class=\"wp-block-image size-large\"><a href=\"http:\/\/fetesdetheze.com\/wp-content\/uploads\/2023\/06\/samedi-24-juin-2023.jpg\"><img loading=\"lazy\" decoding=\"async\" width=\"1024\" height=\"576\" src=\"http:\/\/fetesdetheze.com\/wp-content\/uploads\/2023\/06\/samedi-24-juin-2023-1024x576.jpg\" alt=\"\" class=\"wp-image-428\" srcset=\"https:\/\/fetesdetheze.com\/wp-content\/uploads\/2023\/06\/samedi-24-juin-2023-1024x576.jpg 1024w, https:\/\/fetesdetheze.com\/wp-content\/uploads\/2023\/06\/samedi-24-juin-2023-300x169.jpg 300w, https:\/\/fetesdetheze.com\/wp-content\/uploads\/2023\/06\/samedi-24-juin-2023-768x432.jpg 768w, https:\/\/fetesdetheze.com\/wp-content\/uploads\/2023\/06\/samedi-24-juin-2023-500x281.jpg 500w, https:\/\/fetesdetheze.com\/wp-content\/uploads\/2023\/06\/samedi-24-juin-2023.jpg 1280w\" sizes=\"(max-width: 1024px) 100vw, 1024px\" \/><\/a><\/figure>\n\n\n\n<p>Le samedi matin sera tr\u00e8s sportif avec le tournoi de Touche Rugby \u00e0 5 de 9h \u00e0 16h, organis\u00e9 par l&rsquo;Amicale des joueurs de AGT  Th\u00e8ze. Il y aura \u00e9galement le tournoi de tennis jeune. Enfin de 9h \u00e0 12h les enfants pourront tester plusieurs sports comme le rugby, le basket ou encore le judo.<\/p>\n\n\n\n<p>Le samedi apr\u00e8s-midi \u00e0 partir de 14h aura lieu le tournoi de p\u00e9tanque au Mouta ! <\/p>\n\n\n\n<figure class=\"wp-block-image size-large\"><a href=\"http:\/\/fetesdetheze.com\/wp-content\/uploads\/2023\/06\/AFFICHE-PETANQUE.jpg\"><img loading=\"lazy\" decoding=\"async\" width=\"1024\" height=\"576\" src=\"http:\/\/fetesdetheze.com\/wp-content\/uploads\/2023\/06\/AFFICHE-PETANQUE-1024x576.jpg\" alt=\"\" class=\"wp-image-429\" srcset=\"https:\/\/fetesdetheze.com\/wp-content\/uploads\/2023\/06\/AFFICHE-PETANQUE-1024x576.jpg 1024w, https:\/\/fetesdetheze.com\/wp-content\/uploads\/2023\/06\/AFFICHE-PETANQUE-300x169.jpg 300w, https:\/\/fetesdetheze.com\/wp-content\/uploads\/2023\/06\/AFFICHE-PETANQUE-768x432.jpg 768w, https:\/\/fetesdetheze.com\/wp-content\/uploads\/2023\/06\/AFFICHE-PETANQUE-500x281.jpg 500w, https:\/\/fetesdetheze.com\/wp-content\/uploads\/2023\/06\/AFFICHE-PETANQUE.jpg 1280w\" sizes=\"(max-width: 1024px) 100vw, 1024px\" \/><\/a><\/figure>\n\n\n\n<p>Les enfants seront \u00e9galement g\u00e2t\u00e9s avec l&rsquo;organisation du Kho Lanta organis\u00e9 par Julien Micro Aventures au stade. Le rendez-vous sera derri\u00e8re les tribunes \u00e0 14h30. Il y aura 30 places disponibles pour les enfants de 7 \u00e0 11 ans.<\/p>\n\n\n\n<p>Enfin le soir \u00e0 partir de 19h30 vous pourrez vous initier \u00e0 la Salsa Cubaine avec Marisol ! Enfin \u00e0 20h, ne manquez pas le traditionnel repas ! La soir\u00e9e se poursuivra avec \u00ab\u00a0Podium D\u00e9cibel &#8211; DJ Laurent\u00a0\u00bb<\/p>\n\n\n\n<figure class=\"wp-block-image size-large\"><a href=\"http:\/\/fetesdetheze.com\/wp-content\/uploads\/2023\/06\/Repas-Samedi-Soir-1.jpg\"><img loading=\"lazy\" decoding=\"async\" width=\"1024\" height=\"576\" src=\"http:\/\/fetesdetheze.com\/wp-content\/uploads\/2023\/06\/Repas-Samedi-Soir-1-1024x576.jpg\" alt=\"\" class=\"wp-image-430\" srcset=\"https:\/\/fetesdetheze.com\/wp-content\/uploads\/2023\/06\/Repas-Samedi-Soir-1-1024x576.jpg 1024w, https:\/\/fetesdetheze.com\/wp-content\/uploads\/2023\/06\/Repas-Samedi-Soir-1-300x169.jpg 300w, https:\/\/fetesdetheze.com\/wp-content\/uploads\/2023\/06\/Repas-Samedi-Soir-1-768x432.jpg 768w, https:\/\/fetesdetheze.com\/wp-content\/uploads\/2023\/06\/Repas-Samedi-Soir-1-500x281.jpg 500w, https:\/\/fetesdetheze.com\/wp-content\/uploads\/2023\/06\/Repas-Samedi-Soir-1.jpg 1280w\" sizes=\"(max-width: 1024px) 100vw, 1024px\" \/><\/a><\/figure>\n","protected":false},"excerpt":{"rendered":"<p>Le samedi, le comit\u00e9 des f\u00eates de Th\u00e8ze vous proposera de nombreuses animations. Le samedi matin sera tr\u00e8s sportif avec le tournoi de Touche Rugby \u00e0 5 de 9h \u00e0 16h, organis\u00e9 par l&rsquo;Amicale des joueurs de AGT Th\u00e8ze. Il &hellip; <a href=\"https:\/\/fetesdetheze.com\/?page_id=427\">Lire la suite <span class=\"meta-nav\">&rarr;<\/span><\/a><\/p>\n","protected":false},"author":1,"featured_media":0,"parent":0,"menu_order":0,"comment_status":"closed","ping_status":"closed","template":"","meta":{"footnotes":""},"_links":{"self":[{"href":"https:\/\/fetesdetheze.com\/index.php?rest_route=\/wp\/v2\/pages\/427"}],"collection":[{"href":"https:\/\/fetesdetheze.com\/index.php?rest_route=\/wp\/v2\/pages"}],"about":[{"href":"https:\/\/fetesdetheze.com\/index.php?rest_route=\/wp\/v2\/types\/page"}],"author":[{"embeddable":true,"href":"https:\/\/fetesdetheze.com\/index.php?rest_route=\/wp\/v2\/users\/1"}],"replies":[{"embeddable":true,"href":"https:\/\/fetesdetheze.com\/index.php?rest_route=%2Fwp%2Fv2%2Fcomments&post=427"}],"version-history":[{"count":2,"href":"https:\/\/fetesdetheze.com\/index.php?rest_route=\/wp\/v2\/pages\/427\/revisions"}],"predecessor-version":[{"id":439,"href":"https:\/\/fetesdetheze.com\/index.php?rest_route=\/wp\/v2\/pages\/427\/revisions\/439"}],"wp:attachment":[{"href":"https:\/\/fetesdetheze.com\/index.php?rest_route=%2Fwp%2Fv2%2Fmedia&parent=427"}],"curies":[{"name":"wp","href":"https:\/\/api.w.org\/{rel}","templated":true}]}}